{"id":8852,"date":"2019-01-16T16:03:12","date_gmt":"2019-01-16T18:03:12","guid":{"rendered":"http:\/\/blog.me.com.br\/?page_id=8852"},"modified":"2020-06-01T17:32:08","modified_gmt":"2020-06-01T20:32:08","slug":"videos-mercado-eletronico","status":"publish","type":"page","link":"https:\/\/blog.me.com.br\/pt\/videos-mercado-eletronico\/","title":{"rendered":"(Portugu\u00eas do Brasil) V\u00eddeos Mercado Eletr\u00f4nico"},"content":{"rendered":"<p class=\"qtranxs-available-languages-message qtranxs-available-languages-message-pt\">Desculpe, este conte\u00fado s\u00f3 est\u00e1 dispon\u00edvel em <a href=\"https:\/\/blog.me.com.br\/pb\/wp-json\/wp\/v2\/pages\/8852\" class=\"qtranxs-available-language-link qtranxs-available-language-link-pb\" title=\"Portugu\u00eas do Brasil\">Portugu\u00eas do Brasil<\/a>.<\/p>","protected":false},"excerpt":{"rendered":"","protected":false},"author":1,"featured_media":0,"parent":0,"menu_order":0,"comment_status":"closed","ping_status":"closed","template":"page-sections.php","meta":{"_acf_changed":false,"content-type":"","om_disable_all_campaigns":false,"footnotes":""},"acf":[],"_links":{"self":[{"href":"https:\/\/blog.me.com.br\/pt\/wp-json\/wp\/v2\/pages\/8852"}],"collection":[{"href":"https:\/\/blog.me.com.br\/pt\/wp-json\/wp\/v2\/pages"}],"about":[{"href":"https:\/\/blog.me.com.br\/pt\/wp-json\/wp\/v2\/types\/page"}],"author":[{"embeddable":true,"href":"https:\/\/blog.me.com.br\/pt\/wp-json\/wp\/v2\/users\/1"}],"replies":[{"embeddable":true,"href":"https:\/\/blog.me.com.br\/pt\/wp-json\/wp\/v2\/comments?post=8852"}],"version-history":[{"count":0,"href":"https:\/\/blog.me.com.br\/pt\/wp-json\/wp\/v2\/pages\/8852\/revisions"}],"wp:attachment":[{"href":"https:\/\/blog.me.com.br\/pt\/wp-json\/wp\/v2\/media?parent=8852"}],"curies":[{"name":"wp","href":"https:\/\/api.w.org\/{rel}","templated":true}]}}