{"id":539,"date":"2017-06-27T14:12:52","date_gmt":"2017-06-27T17:12:52","guid":{"rendered":"https:\/\/blog.mercadoe.com\/?page_id=539"},"modified":"2024-04-17T12:36:13","modified_gmt":"2024-04-17T15:36:13","slug":"institucional","status":"publish","type":"page","link":"https:\/\/blog.me.com.br\/pt\/institucional\/","title":{"rendered":"(Portugu\u00eas do Brasil) Conhe\u00e7a o Mercado Eletr\u00f4nico"},"content":{"rendered":"<p class=\"qtranxs-available-languages-message qtranxs-available-languages-message-pt\">Desculpe, este conte\u00fado s\u00f3 est\u00e1 dispon\u00edvel em <a href=\"https:\/\/blog.me.com.br\/pb\/wp-json\/wp\/v2\/pages\/539\" class=\"qtranxs-available-language-link qtranxs-available-language-link-pb\" title=\"Portugu\u00eas do Brasil\">Portugu\u00eas do Brasil<\/a>, <a href=\"https:\/\/blog.me.com.br\/en\/wp-json\/wp\/v2\/pages\/539\" class=\"qtranxs-available-language-link qtranxs-available-language-link-en\" title=\"English\">English<\/a> e <a href=\"https:\/\/blog.me.com.br\/es\/wp-json\/wp\/v2\/pages\/539\" class=\"qtranxs-available-language-link qtranxs-available-language-link-es\" title=\"Espa\u00f1ol\">Espa\u00f1ol<\/a>.<\/p>","protected":false},"excerpt":{"rendered":"<p>Desculpe, este conte\u00fado s\u00f3 est\u00e1 dispon\u00edvel em Portugu\u00eas do Brasil, English e Espa\u00f1ol.<\/p>\n","protected":false},"author":1,"featured_media":0,"parent":0,"menu_order":0,"comment_status":"closed","ping_status":"closed","template":"page-sections.php","meta":{"_acf_changed":false,"content-type":"","om_disable_all_campaigns":false,"footnotes":""},"acf":[],"_links":{"self":[{"href":"https:\/\/blog.me.com.br\/pt\/wp-json\/wp\/v2\/pages\/539"}],"collection":[{"href":"https:\/\/blog.me.com.br\/pt\/wp-json\/wp\/v2\/pages"}],"about":[{"href":"https:\/\/blog.me.com.br\/pt\/wp-json\/wp\/v2\/types\/page"}],"author":[{"embeddable":true,"href":"https:\/\/blog.me.com.br\/pt\/wp-json\/wp\/v2\/users\/1"}],"replies":[{"embeddable":true,"href":"https:\/\/blog.me.com.br\/pt\/wp-json\/wp\/v2\/comments?post=539"}],"version-history":[{"count":0,"href":"https:\/\/blog.me.com.br\/pt\/wp-json\/wp\/v2\/pages\/539\/revisions"}],"wp:attachment":[{"href":"https:\/\/blog.me.com.br\/pt\/wp-json\/wp\/v2\/media?parent=539"}],"curies":[{"name":"wp","href":"https:\/\/api.w.org\/{rel}","templated":true}]}}