{"id":10408,"date":"2019-05-30T08:24:54","date_gmt":"2019-05-30T11:24:54","guid":{"rendered":"http:\/\/blog.me.com.br\/?page_id=10408"},"modified":"2019-05-30T10:09:38","modified_gmt":"2019-05-30T13:09:38","slug":"editorias","status":"publish","type":"page","link":"https:\/\/blog.me.com.br\/pt\/editorias\/","title":{"rendered":"(Portugu\u00eas do Brasil) Categorias"},"content":{"rendered":"<p class=\"qtranxs-available-languages-message qtranxs-available-languages-message-pt\">Desculpe, este conte\u00fado s\u00f3 est\u00e1 dispon\u00edvel em <a href=\"https:\/\/blog.me.com.br\/pb\/wp-json\/wp\/v2\/pages\/10408\" class=\"qtranxs-available-language-link qtranxs-available-language-link-pb\" title=\"Portugu\u00eas do Brasil\">Portugu\u00eas do Brasil<\/a>.<\/p>","protected":false},"excerpt":{"rendered":"<p>Desculpe, este conte\u00fado s\u00f3 est\u00e1 dispon\u00edvel em Portugu\u00eas do Brasil.<\/p>\n","protected":false},"author":1,"featured_media":0,"parent":0,"menu_order":0,"comment_status":"closed","ping_status":"closed","template":"page-sections.php","meta":{"_acf_changed":false,"content-type":"","om_disable_all_campaigns":false,"footnotes":""},"acf":[],"_links":{"self":[{"href":"https:\/\/blog.me.com.br\/pt\/wp-json\/wp\/v2\/pages\/10408"}],"collection":[{"href":"https:\/\/blog.me.com.br\/pt\/wp-json\/wp\/v2\/pages"}],"about":[{"href":"https:\/\/blog.me.com.br\/pt\/wp-json\/wp\/v2\/types\/page"}],"author":[{"embeddable":true,"href":"https:\/\/blog.me.com.br\/pt\/wp-json\/wp\/v2\/users\/1"}],"replies":[{"embeddable":true,"href":"https:\/\/blog.me.com.br\/pt\/wp-json\/wp\/v2\/comments?post=10408"}],"version-history":[{"count":0,"href":"https:\/\/blog.me.com.br\/pt\/wp-json\/wp\/v2\/pages\/10408\/revisions"}],"wp:attachment":[{"href":"https:\/\/blog.me.com.br\/pt\/wp-json\/wp\/v2\/media?parent=10408"}],"curies":[{"name":"wp","href":"https:\/\/api.w.org\/{rel}","templated":true}]}}