{"id":8860,"date":"2019-01-16T16:37:04","date_gmt":"2019-01-16T18:37:04","guid":{"rendered":"http:\/\/blog.me.com.br\/?page_id=8860"},"modified":"2022-07-18T11:23:28","modified_gmt":"2022-07-18T14:23:28","slug":"podcasts-mercado-eletronico","status":"publish","type":"page","link":"https:\/\/blog.me.com.br\/es\/podcasts-mercado-eletronico\/","title":{"rendered":"(Portugu\u00eas do Brasil) Podcasts Mercado Eletr\u00f4nico"},"content":{"rendered":"<p class=\"qtranxs-available-languages-message qtranxs-available-languages-message-es\">Disculpa, pero esta entrada est\u00e1 disponible s\u00f3lo en <a href=\"https:\/\/blog.me.com.br\/pb\/wp-json\/wp\/v2\/pages\/8860\" class=\"qtranxs-available-language-link qtranxs-available-language-link-pb\" title=\"Portugu\u00eas do Brasil\">Portugu\u00eas do Brasil<\/a>.<\/p>","protected":false},"excerpt":{"rendered":"<p>Disculpa, pero esta entrada est\u00e1 disponible s\u00f3lo en Portugu\u00eas do Brasil.<\/p>\n","protected":false},"author":1,"featured_media":0,"parent":0,"menu_order":0,"comment_status":"closed","ping_status":"closed","template":"page-sections.php","meta":{"_acf_changed":false,"content-type":"","om_disable_all_campaigns":false,"footnotes":""},"acf":[],"_links":{"self":[{"href":"https:\/\/blog.me.com.br\/es\/wp-json\/wp\/v2\/pages\/8860"}],"collection":[{"href":"https:\/\/blog.me.com.br\/es\/wp-json\/wp\/v2\/pages"}],"about":[{"href":"https:\/\/blog.me.com.br\/es\/wp-json\/wp\/v2\/types\/page"}],"author":[{"embeddable":true,"href":"https:\/\/blog.me.com.br\/es\/wp-json\/wp\/v2\/users\/1"}],"replies":[{"embeddable":true,"href":"https:\/\/blog.me.com.br\/es\/wp-json\/wp\/v2\/comments?post=8860"}],"version-history":[{"count":0,"href":"https:\/\/blog.me.com.br\/es\/wp-json\/wp\/v2\/pages\/8860\/revisions"}],"wp:attachment":[{"href":"https:\/\/blog.me.com.br\/es\/wp-json\/wp\/v2\/media?parent=8860"}],"curies":[{"name":"wp","href":"https:\/\/api.w.org\/{rel}","templated":true}]}}