{"id":539,"date":"2017-06-27T14:12:52","date_gmt":"2017-06-27T17:12:52","guid":{"rendered":"https:\/\/blog.mercadoe.com\/?page_id=539"},"modified":"2024-04-17T12:36:13","modified_gmt":"2024-04-17T15:36:13","slug":"institucional","status":"publish","type":"page","link":"https:\/\/blog.me.com.br\/es\/institucional\/","title":{"rendered":"La empresa"},"content":{"rendered":"<p id=\"tw-target-text\" class=\"tw-data-text tw-text-large tw-ta\" dir=\"ltr\" data-placeholder=\"Tradu\u00e7\u00e3o\"><span lang=\"es\" tabindex=\"0\">Fundado en 1994, Mercado Eletr\u00f3nico es especialista en comercio electr\u00f3nico B2B, formando comunidades de compradores y proveedores a trav\u00e9s de una poderosa combinaci\u00f3n de tecnolog\u00eda y servicios. <\/span><\/p>\n<p class=\"tw-data-text tw-text-large tw-ta\" dir=\"ltr\" data-placeholder=\"Tradu\u00e7\u00e3o\"><span lang=\"es\" tabindex=\"0\">Las transacciones comerciales entre empresas se llevan a cabo en un entorno de alto rendimiento donde la informaci\u00f3n se comparte estrat\u00e9gicamente y se ofrecen servicios sin precedentes. Comercio entre empresas de una manera simple, inteligente y sostenible. El comercio reinventado. <\/span><\/p>\n<p class=\"tw-data-text tw-text-large tw-ta\" dir=\"ltr\" data-placeholder=\"Tradu\u00e7\u00e3o\"><span lang=\"es\" tabindex=\"0\">Mercado Eletr\u00f3nico en n\u00fameros: <\/span><\/p>\n<p class=\"tw-data-text tw-text-large tw-ta\" dir=\"ltr\" data-placeholder=\"Tradu\u00e7\u00e3o\"><span lang=\"es\" tabindex=\"0\">+8 mil clientes <\/span><\/p>\n<p class=\"tw-data-text tw-text-large tw-ta\" dir=\"ltr\" data-placeholder=\"Tradu\u00e7\u00e3o\"><span lang=\"es\" tabindex=\"0\">+1 mill\u00f3n de proveedores <\/span><\/p>\n<p class=\"tw-data-text tw-text-large tw-ta\" dir=\"ltr\" data-placeholder=\"Tradu\u00e7\u00e3o\"><span lang=\"es\" tabindex=\"0\">+ $ 30 mil millones en transacciones anuales<\/span><\/p>\n<p class=\"tw-data-text tw-text-large tw-ta\" dir=\"ltr\" data-placeholder=\"Tradu\u00e7\u00e3o\"><span lang=\"es\" tabindex=\"0\">\u00bfQuieres conocer nuestras soluciones? \u00a1Cont\u00e1ctenos!<\/span><\/p>","protected":false},"excerpt":{"rendered":"<p>Fundado en 1994, Mercado Eletr\u00f3nico es especialista en comercio electr\u00f3nico B2B, formando comunidades de compradores y proveedores a trav\u00e9s de una poderosa combinaci\u00f3n de tecnolog\u00eda y servicios. Las transacciones comerciales entre empresas se llevan a cabo en un entorno de alto rendimiento donde la informaci\u00f3n se comparte estrat\u00e9gicamente y se ofrecen servicios sin precedentes. Comercio &#8230; <\/p>\n","protected":false},"author":1,"featured_media":0,"parent":0,"menu_order":0,"comment_status":"closed","ping_status":"closed","template":"page-sections.php","meta":{"_acf_changed":false,"content-type":"","om_disable_all_campaigns":false,"footnotes":""},"acf":[],"_links":{"self":[{"href":"https:\/\/blog.me.com.br\/es\/wp-json\/wp\/v2\/pages\/539"}],"collection":[{"href":"https:\/\/blog.me.com.br\/es\/wp-json\/wp\/v2\/pages"}],"about":[{"href":"https:\/\/blog.me.com.br\/es\/wp-json\/wp\/v2\/types\/page"}],"author":[{"embeddable":true,"href":"https:\/\/blog.me.com.br\/es\/wp-json\/wp\/v2\/users\/1"}],"replies":[{"embeddable":true,"href":"https:\/\/blog.me.com.br\/es\/wp-json\/wp\/v2\/comments?post=539"}],"version-history":[{"count":28,"href":"https:\/\/blog.me.com.br\/es\/wp-json\/wp\/v2\/pages\/539\/revisions"}],"predecessor-version":[{"id":17616,"href":"https:\/\/blog.me.com.br\/es\/wp-json\/wp\/v2\/pages\/539\/revisions\/17616"}],"wp:attachment":[{"href":"https:\/\/blog.me.com.br\/es\/wp-json\/wp\/v2\/media?parent=539"}],"curies":[{"name":"wp","href":"https:\/\/api.w.org\/{rel}","templated":true}]}}