{"id":161,"date":"2016-03-28T13:46:23","date_gmt":"2016-03-28T16:46:23","guid":{"rendered":"http:\/\/blogtemplate3.wpengine.com\/?page_id=161"},"modified":"2024-07-03T17:40:41","modified_gmt":"2024-07-03T20:40:41","slug":"contato","status":"publish","type":"page","link":"https:\/\/blog.me.com.br\/es\/contato\/","title":{"rendered":"Contacto"},"content":{"rendered":"<h3><strong>Mercado Eletr\u00f3nico S.A.<\/strong><\/h3>\n<p><strong>Brazil<\/strong> +55 11 2175 3500<\/p>\n<p><strong>USA<\/strong> +1 714 643 6026<\/p>\n<p><strong>Portugal<\/strong> +351 210 029 700<\/p>\n<p><strong>M\u00e9xico<\/strong> +52 558 852 3268<\/p>\n<p><a href=\"http:\/\/www.me.com.br\" target=\"_blank\" rel=\"noopener noreferrer\">www.me.com.br<\/a><\/p>\n<div id=\"contato-bbd5b93aba6050e914e5\" style=\"max-width: 700px; margin: auto;\">\n<h3><strong>Cont\u00e1ctenos<\/strong><\/h3>\n\n\t\t\t\t\t\t<script>\n\t\t\t\t\t\t\twindow.hsFormsOnReady = window.hsFormsOnReady || [];\n\t\t\t\t\t\t\twindow.hsFormsOnReady.push(()=>{\n\t\t\t\t\t\t\t\thbspt.forms.create({\n\t\t\t\t\t\t\t\t\tportalId: 9306125,\n\t\t\t\t\t\t\t\t\tformId: \"65f81db1-507e-43a2-b23b-4a6fb6a66125\",\n\t\t\t\t\t\t\t\t\ttarget: \"#hbspt-form-1775274416000-0582708231\",\n\t\t\t\t\t\t\t\t\tregion: \"\",\n\t\t\t\t\t\t\t\t\t\n\t\t\t\t\t\t\t})});\n\t\t\t\t\t\t<\/script>\n\t\t\t\t\t\t<div class=\"hbspt-form\" id=\"hbspt-form-1775274416000-0582708231\"><\/div>\n<\/div>","protected":false},"excerpt":{"rendered":"<p>Mercado Eletr\u00f3nico S.A. Brazil +55 11 2175 3500 USA +1 714 643 6026 Portugal +351 210 029 700 M\u00e9xico +52 558 852 3268 www.me.com.br Cont\u00e1ctenos<\/p>\n","protected":false},"author":1,"featured_media":0,"parent":0,"menu_order":0,"comment_status":"closed","ping_status":"closed","template":"page-sections.php","meta":{"_acf_changed":false,"content-type":"","om_disable_all_campaigns":false,"footnotes":""},"acf":[],"_links":{"self":[{"href":"https:\/\/blog.me.com.br\/es\/wp-json\/wp\/v2\/pages\/161"}],"collection":[{"href":"https:\/\/blog.me.com.br\/es\/wp-json\/wp\/v2\/pages"}],"about":[{"href":"https:\/\/blog.me.com.br\/es\/wp-json\/wp\/v2\/types\/page"}],"author":[{"embeddable":true,"href":"https:\/\/blog.me.com.br\/es\/wp-json\/wp\/v2\/users\/1"}],"replies":[{"embeddable":true,"href":"https:\/\/blog.me.com.br\/es\/wp-json\/wp\/v2\/comments?post=161"}],"version-history":[{"count":11,"href":"https:\/\/blog.me.com.br\/es\/wp-json\/wp\/v2\/pages\/161\/revisions"}],"predecessor-version":[{"id":17806,"href":"https:\/\/blog.me.com.br\/es\/wp-json\/wp\/v2\/pages\/161\/revisions\/17806"}],"wp:attachment":[{"href":"https:\/\/blog.me.com.br\/es\/wp-json\/wp\/v2\/media?parent=161"}],"curies":[{"name":"wp","href":"https:\/\/api.w.org\/{rel}","templated":true}]}}