{"id":1185,"date":"2017-12-01T09:15:31","date_gmt":"2017-12-01T12:15:31","guid":{"rendered":"http:\/\/blog.me.com.br\/?page_id=1185"},"modified":"2019-09-26T15:07:52","modified_gmt":"2019-09-26T18:07:52","slug":"solucoes","status":"publish","type":"page","link":"https:\/\/blog.me.com.br\/es\/solucoes\/","title":{"rendered":"Solu\u00e7\u00f5es"},"content":{"rendered":"<h2 id=\"tw-target-text\" class=\"tw-data-text tw-text-large tw-ta\" dir=\"ltr\" style=\"text-align: center;\" data-placeholder=\"Tradu\u00e7\u00e3o\"><span lang=\"es\" tabindex=\"0\">Soluci\u00f3n completa para compras corporativas<\/span><\/h2>\n<p><a href=\"https:\/\/www.me.com.br\"><img loading=\"lazy\" decoding=\"async\" class=\"aligncenter size-large wp-image-1181\" src=\"http:\/\/clientes.fabbricaweb.com.br\/blog-me\/wp-content\/uploads\/2017\/11\/solucoesME-1024x604.jpg\" alt=\"\" width=\"1024\" height=\"604\" srcset=\"https:\/\/blog.me.com.br\/wp-content\/uploads\/2017\/11\/solucoesME-1024x604.jpg 1024w, https:\/\/blog.me.com.br\/wp-content\/uploads\/2017\/11\/solucoesME-300x177.jpg 300w, https:\/\/blog.me.com.br\/wp-content\/uploads\/2017\/11\/solucoesME-768x453.jpg 768w, https:\/\/blog.me.com.br\/wp-content\/uploads\/2017\/11\/solucoesME-763x450.jpg 763w\" sizes=\"(max-width: 1024px) 100vw, 1024px\" \/><\/a><\/p>\n<p>&nbsp;<\/p>\n<h2>e-Procurement<\/h2>\n<p>Las funcionalidades abarcan todo el flujo operativo de compra: Solicitud de pago, con costos operativos reducidos de procesos y cumplimiento.<\/p>\n<h2 class=\"tech-h2\">e-Sourcing<\/h2>\n<p id=\"tw-target-text\" class=\"tw-data-text tw-text-large tw-ta\" dir=\"ltr\" data-placeholder=\"Tradu\u00e7\u00e3o\"><span lang=\"es\" tabindex=\"0\">Las funcionalidades incluyen la planificaci\u00f3n de la demanda, el proceso de negociaci\u00f3n y toda la gesti\u00f3n de proveedores.<\/span><\/p>\n<h2 class=\"tech-h2\">e-Marketplace<\/h2>\n<p id=\"tw-target-text\" class=\"tw-data-text tw-text-large tw-ta\" dir=\"ltr\" data-placeholder=\"Tradu\u00e7\u00e3o\"><span lang=\"es\" tabindex=\"0\">La inteligencia de una base de informaci\u00f3n comercial compuesta por miles de empresas en tiempo real.<\/span><\/p>\n<h2 class=\"heading-3\">Servi\u00e7os<\/h2>\n<p><strong>Help Desk: <\/strong><span lang=\"es\" tabindex=\"0\">Soporte al comprador, soporte al proveedor, programaci\u00f3n de transacciones<\/span><\/p>\n<p><strong>Operacional: <\/strong><span lang=\"es\" tabindex=\"0\">Cotizaci\u00f3n de precios, gesti\u00f3n de pedidos, subasta inversa y directa<\/span><\/p>\n<p><strong>Conte\u00fado:<\/strong> Normalizaci\u00f3n de materiales y servicios, aprobaci\u00f3n de proveedores, gesti\u00f3n de cat\u00e1logos<\/p>\n<p>&nbsp;<\/p>\n<p id=\"tw-target-text\" class=\"tw-data-text tw-text-large tw-ta\" dir=\"ltr\" data-placeholder=\"Tradu\u00e7\u00e3o\"><strong><span lang=\"es\" tabindex=\"0\">\u00bfQuieres saber m\u00e1s? \u00a1Habla con uno de nuestros expertos!<\/span><\/strong><\/p>\n<p>&nbsp;<\/p>\n<div id=\"contato-bbd5b93aba6050e914e5\"><\/div>\n<p><script type=\"text\/javascript\" src=\"https:\/\/d335luupugsy2.cloudfront.net\/js\/rdstation-forms\/stable\/rdstation-forms.min.js\"><\/script> <script type=\"text\/javascript\">\n  new RDStationForms('contato-bbd5b93aba6050e914e5-html', 'UA-82070724-1').createForm();\n<\/script>","protected":false},"excerpt":{"rendered":"<p>Soluci\u00f3n completa para compras corporativas &nbsp; e-Procurement Las funcionalidades abarcan todo el flujo operativo de compra: Solicitud de pago, con costos operativos reducidos de procesos y cumplimiento. e-Sourcing Las funcionalidades incluyen la planificaci\u00f3n de la demanda, el proceso de negociaci\u00f3n y toda la gesti\u00f3n de proveedores. e-Marketplace La inteligencia de una base de informaci\u00f3n comercial &#8230; <\/p>\n","protected":false},"author":1,"featured_media":0,"parent":0,"menu_order":0,"comment_status":"closed","ping_status":"closed","template":"page-sections.php","meta":{"_acf_changed":false,"content-type":"","om_disable_all_campaigns":false,"footnotes":""},"acf":[],"_links":{"self":[{"href":"https:\/\/blog.me.com.br\/es\/wp-json\/wp\/v2\/pages\/1185"}],"collection":[{"href":"https:\/\/blog.me.com.br\/es\/wp-json\/wp\/v2\/pages"}],"about":[{"href":"https:\/\/blog.me.com.br\/es\/wp-json\/wp\/v2\/types\/page"}],"author":[{"embeddable":true,"href":"https:\/\/blog.me.com.br\/es\/wp-json\/wp\/v2\/users\/1"}],"replies":[{"embeddable":true,"href":"https:\/\/blog.me.com.br\/es\/wp-json\/wp\/v2\/comments?post=1185"}],"version-history":[{"count":1,"href":"https:\/\/blog.me.com.br\/es\/wp-json\/wp\/v2\/pages\/1185\/revisions"}],"predecessor-version":[{"id":11477,"href":"https:\/\/blog.me.com.br\/es\/wp-json\/wp\/v2\/pages\/1185\/revisions\/11477"}],"wp:attachment":[{"href":"https:\/\/blog.me.com.br\/es\/wp-json\/wp\/v2\/media?parent=1185"}],"curies":[{"name":"wp","href":"https:\/\/api.w.org\/{rel}","templated":true}]}}