{"id":10498,"date":"2019-06-11T08:08:43","date_gmt":"2019-06-11T11:08:43","guid":{"rendered":"http:\/\/blog.me.com.br\/?page_id=10498"},"modified":"2019-12-03T11:00:07","modified_gmt":"2019-12-03T14:00:07","slug":"materiais-gratuitos-2","status":"publish","type":"page","link":"https:\/\/blog.me.com.br\/es\/materiais-gratuitos-2\/","title":{"rendered":"(Portugu\u00eas do Brasil) Materiais Gratuitos"},"content":{"rendered":"<p class=\"qtranxs-available-languages-message qtranxs-available-languages-message-es\">Disculpa, pero esta entrada est\u00e1 disponible s\u00f3lo en <a href=\"https:\/\/blog.me.com.br\/pb\/wp-json\/wp\/v2\/pages\/10498\" class=\"qtranxs-available-language-link qtranxs-available-language-link-pb\" title=\"Portugu\u00eas do Brasil\">Portugu\u00eas do Brasil<\/a>.<\/p>","protected":false},"excerpt":{"rendered":"<p>Disculpa, pero esta entrada est\u00e1 disponible s\u00f3lo en Portugu\u00eas do Brasil.<\/p>\n","protected":false},"author":1,"featured_media":0,"parent":0,"menu_order":0,"comment_status":"closed","ping_status":"closed","template":"page-sections.php","meta":{"_acf_changed":false,"content-type":"","om_disable_all_campaigns":false,"footnotes":""},"acf":[],"_links":{"self":[{"href":"https:\/\/blog.me.com.br\/es\/wp-json\/wp\/v2\/pages\/10498"}],"collection":[{"href":"https:\/\/blog.me.com.br\/es\/wp-json\/wp\/v2\/pages"}],"about":[{"href":"https:\/\/blog.me.com.br\/es\/wp-json\/wp\/v2\/types\/page"}],"author":[{"embeddable":true,"href":"https:\/\/blog.me.com.br\/es\/wp-json\/wp\/v2\/users\/1"}],"replies":[{"embeddable":true,"href":"https:\/\/blog.me.com.br\/es\/wp-json\/wp\/v2\/comments?post=10498"}],"version-history":[{"count":1,"href":"https:\/\/blog.me.com.br\/es\/wp-json\/wp\/v2\/pages\/10498\/revisions"}],"predecessor-version":[{"id":10506,"href":"https:\/\/blog.me.com.br\/es\/wp-json\/wp\/v2\/pages\/10498\/revisions\/10506"}],"wp:attachment":[{"href":"https:\/\/blog.me.com.br\/es\/wp-json\/wp\/v2\/media?parent=10498"}],"curies":[{"name":"wp","href":"https:\/\/api.w.org\/{rel}","templated":true}]}}