{"id":1185,"date":"2017-12-01T09:15:31","date_gmt":"2017-12-01T12:15:31","guid":{"rendered":"http:\/\/blog.me.com.br\/?page_id=1185"},"modified":"2019-09-26T15:07:52","modified_gmt":"2019-09-26T18:07:52","slug":"solucoes","status":"publish","type":"page","link":"https:\/\/blog.me.com.br\/en\/solucoes\/","title":{"rendered":"Solu\u00e7\u00f5es"},"content":{"rendered":"<h2 class=\"complete-solution-h2\" style=\"text-align: center;\">Solu\u00e7\u00e3o Completa para Compras Corporativas<\/h2>\n<p><a href=\"https:\/\/www.me.com.br\"><img loading=\"lazy\" decoding=\"async\" class=\"aligncenter size-large wp-image-1181\" src=\"http:\/\/clientes.fabbricaweb.com.br\/blog-me\/wp-content\/uploads\/2017\/11\/solucoesME-1024x604.jpg\" alt=\"\" width=\"1024\" height=\"604\" srcset=\"https:\/\/blog.me.com.br\/wp-content\/uploads\/2017\/11\/solucoesME-1024x604.jpg 1024w, https:\/\/blog.me.com.br\/wp-content\/uploads\/2017\/11\/solucoesME-300x177.jpg 300w, https:\/\/blog.me.com.br\/wp-content\/uploads\/2017\/11\/solucoesME-768x453.jpg 768w, https:\/\/blog.me.com.br\/wp-content\/uploads\/2017\/11\/solucoesME-763x450.jpg 763w\" sizes=\"(max-width: 1024px) 100vw, 1024px\" \/><\/a><\/p>\n<p>&nbsp;<\/p>\n<h2><span style=\"color: #333333;\"><a style=\"color: #333333;\" href=\"https:\/\/newinstprod.me.com.br\/ptbr\/procurement.html\">e-Procurement<\/a><\/span><\/h2>\n<p>As funcionalidades englobam todo o fluxo operacional de compras:\u00a0Request to Pay, com redu\u00e7\u00e3o dos custos operacionais dos processos e compliance.<\/p>\n<h2 class=\"tech-h2\"><span style=\"color: #333333;\"><a style=\"color: #333333;\" href=\"https:\/\/newinstprod.me.com.br\/ptbr\/sourcing.html\">e-Sourcing<\/a><\/span><\/h2>\n<p>As funcionalidades\u00a0abrangem\u00a0o planejamento das demandas,\u00a0o processo de negocia\u00e7\u00e3o e toda a gest\u00e3o do fornecedor.<\/p>\n<h2 class=\"tech-h2\"><span style=\"color: #333333;\"><a style=\"color: #333333;\" href=\"https:\/\/newinstprod.me.com.br\/ptbr\/marketplace.html\">e-Marketplace<\/a><\/span><\/h2>\n<p>A intelig\u00eancia de uma base de informa\u00e7\u00f5es de neg\u00f3cios formada por milhares de empresas em tempo real.<\/p>\n<h2 class=\"heading-3\"><span style=\"color: #000000;\">Servi\u00e7os<\/span><\/h2>\n<p><strong>Help Desk:<\/strong> Suporte ao Comprador, Suporte ao Fornecedor, Diligenciamento de Transa\u00e7\u00f5es<\/p>\n<p><strong>Operacional:<\/strong> Cota\u00e7\u00e3o de Pre\u00e7os, Gest\u00e3o de Pedidos, Leil\u00e3o Reverso e Direto<\/p>\n<p><strong>Conte\u00fado:<\/strong> Padroniza\u00e7\u00e3o de Materiais e Servi\u00e7os, Homologa\u00e7\u00e3o de Fornecedores, Gest\u00e3o de Cat\u00e1logos<\/p>\n<p><strong>Quer conhecer mais? Fale com um de nossos especialistas!<\/strong><\/p>\n<p>&nbsp;<\/p>\n<div id=\"contato-bbd5b93aba6050e914e5\"><\/div>\n<p><script type=\"text\/javascript\" src=\"https:\/\/d335luupugsy2.cloudfront.net\/js\/rdstation-forms\/stable\/rdstation-forms.min.js\"><\/script> <script type=\"text\/javascript\">\n  new RDStationForms('contato-bbd5b93aba6050e914e5-html', 'UA-82070724-1').createForm();\n<\/script>","protected":false},"excerpt":{"rendered":"<p>Solu\u00e7\u00e3o Completa para Compras Corporativas &nbsp; e-Procurement As funcionalidades englobam todo o fluxo operacional de compras:\u00a0Request to Pay, com redu\u00e7\u00e3o dos custos operacionais dos processos e compliance. e-Sourcing As funcionalidades\u00a0abrangem\u00a0o planejamento das demandas,\u00a0o processo de negocia\u00e7\u00e3o e toda a gest\u00e3o do fornecedor. e-Marketplace A intelig\u00eancia de uma base de informa\u00e7\u00f5es de neg\u00f3cios formada por milhares &#8230; <\/p>\n","protected":false},"author":1,"featured_media":0,"parent":0,"menu_order":0,"comment_status":"closed","ping_status":"closed","template":"page-sections.php","meta":{"_acf_changed":false,"content-type":"","om_disable_all_campaigns":false,"footnotes":""},"acf":[],"_links":{"self":[{"href":"https:\/\/blog.me.com.br\/en\/wp-json\/wp\/v2\/pages\/1185"}],"collection":[{"href":"https:\/\/blog.me.com.br\/en\/wp-json\/wp\/v2\/pages"}],"about":[{"href":"https:\/\/blog.me.com.br\/en\/wp-json\/wp\/v2\/types\/page"}],"author":[{"embeddable":true,"href":"https:\/\/blog.me.com.br\/en\/wp-json\/wp\/v2\/users\/1"}],"replies":[{"embeddable":true,"href":"https:\/\/blog.me.com.br\/en\/wp-json\/wp\/v2\/comments?post=1185"}],"version-history":[{"count":3,"href":"https:\/\/blog.me.com.br\/en\/wp-json\/wp\/v2\/pages\/1185\/revisions"}],"predecessor-version":[{"id":11477,"href":"https:\/\/blog.me.com.br\/en\/wp-json\/wp\/v2\/pages\/1185\/revisions\/11477"}],"wp:attachment":[{"href":"https:\/\/blog.me.com.br\/en\/wp-json\/wp\/v2\/media?parent=1185"}],"curies":[{"name":"wp","href":"https:\/\/api.w.org\/{rel}","templated":true}]}}